{"id":4532,"date":"2023-09-20T04:24:39","date_gmt":"2023-09-20T04:24:39","guid":{"rendered":"https:\/\/fedeluchas.com.gt\/?page_id=4532"},"modified":"2025-08-05T15:56:54","modified_gmt":"2025-08-05T15:56:54","slug":"elementor-4532","status":"publish","type":"page","link":"https:\/\/fedeluchas.com.gt\/index.php\/elementor-4532\/","title":{"rendered":"COMIT\u00c9 EJECUTIVO"},"content":{"rendered":"\t\t<div data-elementor-type=\"wp-post\" data-elementor-id=\"4532\" class=\"elementor elementor-4532\">\n\t\t\t\t\t\t<section class=\"elementor-section elementor-top-section elementor-element elementor-element-5fc0e6a elementor-section-boxed elementor-section-height-default elementor-section-height-default wpr-particle-no wpr-jarallax-no wpr-parallax-no wpr-sticky-section-no\" data-id=\"5fc0e6a\" data-element_type=\"section\">\n\t\t\t\t\t\t<div class=\"elementor-container elementor-column-gap-default\">\n\t\t\t\t\t<div class=\"elementor-column elementor-col-100 elementor-top-column elementor-element elementor-element-cee8208\" data-id=\"cee8208\" data-element_type=\"column\" data-settings=\"{&quot;background_background&quot;:&quot;gradient&quot;}\">\n\t\t\t<div class=\"elementor-widget-wrap elementor-element-populated\">\n\t\t\t\t\t\t<div class=\"elementor-element elementor-element-5d58039 elementor-widget elementor-widget-image\" data-id=\"5d58039\" data-element_type=\"widget\" data-widget_type=\"image.default\">\n\t\t\t\t<div class=\"elementor-widget-container\">\n\t\t\t\t\t\t\t\t\t\t\t\t\t<img decoding=\"async\" width=\"360\" height=\"101\" src=\"https:\/\/fedeluchas.com.gt\/wp-content\/uploads\/2023\/02\/cropped-cropped-logo.jpg\" class=\"attachment-large size-large wp-image-3876\" alt=\"\" srcset=\"https:\/\/fedeluchas.com.gt\/wp-content\/uploads\/2023\/02\/cropped-cropped-logo.jpg 360w, https:\/\/fedeluchas.com.gt\/wp-content\/uploads\/2023\/02\/cropped-cropped-logo-300x84.jpg 300w\" sizes=\"(max-width: 360px) 100vw, 360px\" \/>\t\t\t\t\t\t\t\t\t\t\t\t\t<\/div>\n\t\t\t\t<\/div>\n\t\t\t\t\t<\/div>\n\t\t<\/div>\n\t\t\t\t\t<\/div>\n\t\t<\/section>\n\t\t\t\t<section class=\"elementor-section elementor-top-section elementor-element elementor-element-6eea8fc elementor-section-boxed elementor-section-height-default elementor-section-height-default wpr-particle-no wpr-jarallax-no wpr-parallax-no wpr-sticky-section-no\" data-id=\"6eea8fc\" data-element_type=\"section\">\n\t\t\t\t\t\t<div class=\"elementor-container elementor-column-gap-default\">\n\t\t\t\t\t<div class=\"elementor-column elementor-col-20 elementor-top-column elementor-element elementor-element-c7dcd01\" data-id=\"c7dcd01\" data-element_type=\"column\">\n\t\t\t<div class=\"elementor-widget-wrap elementor-element-populated\">\n\t\t\t\t\t\t<div class=\"elementor-element elementor-element-db50864 elementor-position-top elementor-widget elementor-widget-image-box\" data-id=\"db50864\" data-element_type=\"widget\" data-widget_type=\"image-box.default\">\n\t\t\t\t<div class=\"elementor-widget-container\">\n\t\t\t<div class=\"elementor-image-box-wrapper\"><figure class=\"elementor-image-box-img\"><img fetchpriority=\"high\" decoding=\"async\" width=\"196\" height=\"283\" src=\"https:\/\/fedeluchas.com.gt\/wp-content\/uploads\/2023\/09\/11.jpg\" class=\"attachment-large size-large wp-image-4577\" alt=\"\" \/><\/figure><div class=\"elementor-image-box-content\"><h3 class=\"elementor-image-box-title\">Presidente de Comit\u00e9 Ejecutivo <\/h3><p class=\"elementor-image-box-description\">Lic. Ramon Francisco Gonz\u00e1lez <\/p><\/div><\/div>\t\t<\/div>\n\t\t\t\t<\/div>\n\t\t\t\t\t<\/div>\n\t\t<\/div>\n\t\t\t\t<div class=\"elementor-column elementor-col-20 elementor-top-column elementor-element elementor-element-9f4086b\" data-id=\"9f4086b\" data-element_type=\"column\">\n\t\t\t<div class=\"elementor-widget-wrap elementor-element-populated\">\n\t\t\t\t\t\t<div class=\"elementor-element elementor-element-18477ce elementor-position-top elementor-widget elementor-widget-image-box\" data-id=\"18477ce\" data-element_type=\"widget\" data-widget_type=\"image-box.default\">\n\t\t\t\t<div class=\"elementor-widget-container\">\n\t\t\t<div class=\"elementor-image-box-wrapper\"><figure class=\"elementor-image-box-img\"><img decoding=\"async\" width=\"197\" height=\"283\" src=\"https:\/\/fedeluchas.com.gt\/wp-content\/uploads\/2023\/09\/2.jpg\" class=\"attachment-large size-large wp-image-4553\" alt=\"\" \/><\/figure><div class=\"elementor-image-box-content\"><h3 class=\"elementor-image-box-title\">Tesorero de Comit\u00e9 Ejecutivo \t\t\t\t<\/h3><p class=\"elementor-image-box-description\">Dennis Benjam\u00edn D\u00edaz Ar\u00e9valo <\/p><\/div><\/div>\t\t<\/div>\n\t\t\t\t<\/div>\n\t\t\t\t\t<\/div>\n\t\t<\/div>\n\t\t\t\t<div class=\"elementor-column elementor-col-20 elementor-top-column elementor-element elementor-element-2720d7e\" data-id=\"2720d7e\" data-element_type=\"column\">\n\t\t\t<div class=\"elementor-widget-wrap elementor-element-populated\">\n\t\t\t\t\t\t<div class=\"elementor-element elementor-element-f178ebd elementor-position-top elementor-widget elementor-widget-image-box\" data-id=\"f178ebd\" data-element_type=\"widget\" data-widget_type=\"image-box.default\">\n\t\t\t\t<div class=\"elementor-widget-container\">\n\t\t\t<div class=\"elementor-image-box-wrapper\"><figure class=\"elementor-image-box-img\"><img loading=\"lazy\" decoding=\"async\" width=\"197\" height=\"283\" src=\"https:\/\/fedeluchas.com.gt\/wp-content\/uploads\/2025\/08\/FEDELUCHAS2.jpg\" class=\"attachment-large size-large wp-image-5677\" alt=\"\" \/><\/figure><div class=\"elementor-image-box-content\"><h3 class=\"elementor-image-box-title\">Secretario de Comit\u00e9 Ejecutivo<\/h3><p class=\"elementor-image-box-description\"> Lic. H\u00e9ctor Andr\u00e9s\u00a0Rubio<\/p><\/div><\/div>\t\t<\/div>\n\t\t\t\t<\/div>\n\t\t\t\t\t<\/div>\n\t\t<\/div>\n\t\t\t\t<div class=\"elementor-column elementor-col-20 elementor-top-column elementor-element elementor-element-7d4831b\" data-id=\"7d4831b\" data-element_type=\"column\">\n\t\t\t<div class=\"elementor-widget-wrap elementor-element-populated\">\n\t\t\t\t\t\t<div class=\"elementor-element elementor-element-aa3b74d elementor-position-top elementor-widget elementor-widget-image-box\" data-id=\"aa3b74d\" data-element_type=\"widget\" data-settings=\"{&quot;_animation&quot;:&quot;none&quot;}\" data-widget_type=\"image-box.default\">\n\t\t\t\t<div class=\"elementor-widget-container\">\n\t\t\t<div class=\"elementor-image-box-wrapper\"><figure class=\"elementor-image-box-img\"><img loading=\"lazy\" decoding=\"async\" width=\"197\" height=\"283\" src=\"https:\/\/fedeluchas.com.gt\/wp-content\/uploads\/2023\/09\/4.jpg\" class=\"attachment-full size-full wp-image-4579\" alt=\"\" \/><\/figure><div class=\"elementor-image-box-content\"><h3 class=\"elementor-image-box-title\">Vocal I de Comit\u00e9 Ejecutivo<\/h3><p class=\"elementor-image-box-description\">Hugo Arnoldo \nBarascout<\/p><\/div><\/div>\t\t<\/div>\n\t\t\t\t<\/div>\n\t\t\t\t\t<\/div>\n\t\t<\/div>\n\t\t\t\t<div class=\"elementor-column elementor-col-20 elementor-top-column elementor-element elementor-element-f09e9c2\" data-id=\"f09e9c2\" data-element_type=\"column\">\n\t\t\t<div class=\"elementor-widget-wrap elementor-element-populated\">\n\t\t\t\t\t\t<div class=\"elementor-element elementor-element-dea6b08 elementor-position-top elementor-widget elementor-widget-image-box\" data-id=\"dea6b08\" data-element_type=\"widget\" data-widget_type=\"image-box.default\">\n\t\t\t\t<div class=\"elementor-widget-container\">\n\t\t\t<div class=\"elementor-image-box-wrapper\"><figure class=\"elementor-image-box-img\"><img loading=\"lazy\" decoding=\"async\" width=\"208\" height=\"283\" src=\"https:\/\/fedeluchas.com.gt\/wp-content\/uploads\/2023\/09\/5.jpg\" class=\"attachment-full size-full wp-image-4580\" alt=\"\" \/><\/figure><div class=\"elementor-image-box-content\"><h3 class=\"elementor-image-box-title\">Vocal II de Comit\u00e9 Ejecutivo<\/h3><p class=\"elementor-image-box-description\">Ing. Rolando Maltez Arag\u00f3n<\/p><\/div><\/div>\t\t<\/div>\n\t\t\t\t<\/div>\n\t\t\t\t\t<\/div>\n\t\t<\/div>\n\t\t\t\t\t<\/div>\n\t\t<\/section>\n\t\t\t\t<\/div>\n\t\t","protected":false},"excerpt":{"rendered":"<p>Presidente de Comit\u00e9 Ejecutivo Lic. Ramon Francisco Gonz\u00e1lez Tesorero de Comit\u00e9 Ejecutivo Dennis Benjam\u00edn D\u00edaz Ar\u00e9valo Secretario de Comit\u00e9 Ejecutivo Lic. H\u00e9ctor Andr\u00e9s\u00a0Rubio Vocal I de Comit\u00e9 Ejecutivo Hugo Arnoldo Barascout Vocal II de Comit\u00e9 Ejecutivo Ing. Rolando Maltez Arag\u00f3n<\/p>\n","protected":false},"author":2,"featured_media":0,"parent":0,"menu_order":0,"comment_status":"closed","ping_status":"closed","template":"elementor_header_footer","meta":{"footnotes":""},"class_list":["post-4532","page","type-page","status-publish","hentry"],"_links":{"self":[{"href":"https:\/\/fedeluchas.com.gt\/index.php\/wp-json\/wp\/v2\/pages\/4532","targetHints":{"allow":["GET"]}}],"collection":[{"href":"https:\/\/fedeluchas.com.gt\/index.php\/wp-json\/wp\/v2\/pages"}],"about":[{"href":"https:\/\/fedeluchas.com.gt\/index.php\/wp-json\/wp\/v2\/types\/page"}],"author":[{"embeddable":true,"href":"https:\/\/fedeluchas.com.gt\/index.php\/wp-json\/wp\/v2\/users\/2"}],"replies":[{"embeddable":true,"href":"https:\/\/fedeluchas.com.gt\/index.php\/wp-json\/wp\/v2\/comments?post=4532"}],"version-history":[{"count":109,"href":"https:\/\/fedeluchas.com.gt\/index.php\/wp-json\/wp\/v2\/pages\/4532\/revisions"}],"predecessor-version":[{"id":5680,"href":"https:\/\/fedeluchas.com.gt\/index.php\/wp-json\/wp\/v2\/pages\/4532\/revisions\/5680"}],"wp:attachment":[{"href":"https:\/\/fedeluchas.com.gt\/index.php\/wp-json\/wp\/v2\/media?parent=4532"}],"curies":[{"name":"wp","href":"https:\/\/api.w.org\/{rel}","templated":true}]}}