{"id":16,"date":"2023-02-11T15:28:28","date_gmt":"2023-02-11T15:28:28","guid":{"rendered":"https:\/\/fedeluchas.com.gt\/?page_id=16"},"modified":"2023-02-12T01:45:44","modified_gmt":"2023-02-12T01:45:44","slug":"inicio","status":"publish","type":"page","link":"https:\/\/fedeluchas.com.gt\/index.php\/inicio\/","title":{"rendered":"Inicio"},"content":{"rendered":"\t\t<div data-elementor-type=\"wp-page\" data-elementor-id=\"16\" class=\"elementor elementor-16\">\n\t\t\t\t\t\t<section class=\"elementor-section elementor-top-section elementor-element elementor-element-986325c elementor-section-full_width elementor-section-height-default elementor-section-height-default wpr-particle-no wpr-jarallax-no wpr-parallax-no wpr-sticky-section-no\" data-id=\"986325c\" data-element_type=\"section\">\n\t\t\t\t\t\t<div class=\"elementor-container elementor-column-gap-default\">\n\t\t\t\t\t<div class=\"elementor-column elementor-col-100 elementor-top-column elementor-element elementor-element-3c0e911\" data-id=\"3c0e911\" data-element_type=\"column\">\n\t\t\t<div class=\"elementor-widget-wrap elementor-element-populated\">\n\t\t\t\t\t\t<div class=\"elementor-element elementor-element-09ecdbc elementor-widget elementor-widget-shortcode\" data-id=\"09ecdbc\" data-element_type=\"widget\" data-widget_type=\"shortcode.default\">\n\t\t\t\t<div class=\"elementor-widget-container\">\n\t\t\t\t\t<div class=\"elementor-shortcode\"><\/div>\n\t\t\t\t<\/div>\n\t\t\t\t<\/div>\n\t\t\t\t\t<\/div>\n\t\t<\/div>\n\t\t\t\t\t<\/div>\n\t\t<\/section>\n\t\t\t\t<section class=\"elementor-section elementor-top-section elementor-element elementor-element-662aa56 elementor-section-boxed elementor-section-height-default elementor-section-height-default wpr-particle-no wpr-jarallax-no wpr-parallax-no wpr-sticky-section-no\" data-id=\"662aa56\" data-element_type=\"section\">\n\t\t\t\t\t\t<div class=\"elementor-container elementor-column-gap-default\">\n\t\t\t\t\t<div class=\"elementor-column elementor-col-50 elementor-top-column elementor-element elementor-element-1850b4d\" data-id=\"1850b4d\" data-element_type=\"column\">\n\t\t\t<div class=\"elementor-widget-wrap elementor-element-populated\">\n\t\t\t\t\t\t<div class=\"elementor-element elementor-element-31653b3 elementor-widget elementor-widget-heading\" data-id=\"31653b3\" data-element_type=\"widget\" data-widget_type=\"heading.default\">\n\t\t\t\t<div class=\"elementor-widget-container\">\n\t\t\t<h2 class=\"elementor-heading-title elementor-size-default\">Nuestra Historia<\/h2>\t\t<\/div>\n\t\t\t\t<\/div>\n\t\t\t\t<div class=\"elementor-element elementor-element-40adff1 elementor-widget elementor-widget-text-editor\" data-id=\"40adff1\" data-element_type=\"widget\" data-widget_type=\"text-editor.default\">\n\t\t\t\t<div class=\"elementor-widget-container\">\n\t\t\t\t\t\t\t<p>La Lucha empieza su organizaci\u00f3n en nuestro pa\u00eds en el a\u00f1o 1,947.&nbsp; Fue en ese a\u00f1o que el Comit\u00e9 Nacional Ol\u00edmpico responsable de la organizaci\u00f3n de los VI Jugos Deportivos Centroamericanos y del Caribe, contrat\u00f3 al t\u00e9cnico norteamericano Mr. WILLIAN &#8220;PAT&#8221; SHAW, entrenador de lucha y boxeo, quien vino en el segundo semestre del a\u00f1o 1,947.<\/p>\t\t\t\t\t\t<\/div>\n\t\t\t\t<\/div>\n\t\t\t\t<div class=\"elementor-element elementor-element-d9467eb wpr-button-icon-style-inline wpr-button-icon-position-right elementor-widget elementor-widget-wpr-button\" data-id=\"d9467eb\" data-element_type=\"widget\" data-widget_type=\"wpr-button.default\">\n\t\t\t\t<div class=\"elementor-widget-container\">\n\t\t\t\t\n\t\t\t\n\t\t\n\t\t<div class=\"wpr-button-wrap elementor-clearfix\">\n\t\t<a class=\"wpr-button wpr-button-effect wpr-button-none\" data-text=\"Go\" href=\"#link\">\n\t\t\t\n\t\t\t<span class=\"wpr-button-content\">\n\t\t\t\t\t\t\t\t\t<span class=\"wpr-button-text\">Leer m\u00e1s<\/span>\n\t\t\t\t\t\t\t\t\n\t\t\t\t\t\t\t\t\t<span class=\"wpr-button-icon\"><i class=\"fas fa-angle-right\"><\/i><\/span>\n\t\t\t\t\t\t\t<\/span>\n\t\t<\/a>\n\n\t\t\t\t<\/div>\n\t\n\t\n\t\t\t<\/div>\n\t\t\t\t<\/div>\n\t\t\t\t\t<\/div>\n\t\t<\/div>\n\t\t\t\t<div class=\"elementor-column elementor-col-50 elementor-top-column elementor-element elementor-element-106eeea\" data-id=\"106eeea\" data-element_type=\"column\">\n\t\t\t<div class=\"elementor-widget-wrap elementor-element-populated\">\n\t\t\t\t\t\t<div class=\"elementor-element elementor-element-9302a11 elementor-widget elementor-widget-premium-img-gallery\" data-id=\"9302a11\" data-element_type=\"widget\" data-settings=\"{&quot;premium_gallery_img_content&quot;:[{&quot;premium_gallery_img_category&quot;:&quot;Category 1&quot;,&quot;_id&quot;:&quot;4510a6d&quot;,&quot;premium_gallery_img&quot;:{&quot;url&quot;:&quot;http:\\\/\\\/fedeluchas.com.gt\\\/wp-content\\\/uploads\\\/2023\\\/02\\\/HISOTRIA.jpg&quot;,&quot;id&quot;:53,&quot;size&quot;:&quot;&quot;,&quot;alt&quot;:&quot;&quot;,&quot;source&quot;:&quot;library&quot;},&quot;premium_gallery_image_cell&quot;:{&quot;unit&quot;:&quot;px&quot;,&quot;size&quot;:4,&quot;sizes&quot;:[]},&quot;premium_gallery_image_cell_tablet&quot;:{&quot;unit&quot;:&quot;px&quot;,&quot;size&quot;:&quot;&quot;,&quot;sizes&quot;:[]},&quot;premium_gallery_image_cell_mobile&quot;:{&quot;unit&quot;:&quot;px&quot;,&quot;size&quot;:&quot;&quot;,&quot;sizes&quot;:[]},&quot;premium_gallery_image_vcell&quot;:{&quot;unit&quot;:&quot;px&quot;,&quot;size&quot;:4,&quot;sizes&quot;:[]},&quot;premium_gallery_image_vcell_tablet&quot;:{&quot;unit&quot;:&quot;px&quot;,&quot;size&quot;:&quot;&quot;,&quot;sizes&quot;:[]},&quot;premium_gallery_image_vcell_mobile&quot;:{&quot;unit&quot;:&quot;px&quot;,&quot;size&quot;:&quot;&quot;,&quot;sizes&quot;:[]},&quot;premium_gallery_video&quot;:&quot;&quot;,&quot;premium_gallery_video_type&quot;:null,&quot;premium_gallery_video_url&quot;:null,&quot;premium_gallery_video_self&quot;:null,&quot;premium_gallery_video_self_url&quot;:null,&quot;premium_gallery_video_controls&quot;:null,&quot;premium_gallery_video_mute&quot;:null,&quot;premium_gallery_video_loop&quot;:null,&quot;download_button&quot;:null,&quot;privacy_mode&quot;:null,&quot;premmium_gallery_img_info&quot;:&quot;&quot;,&quot;premium_gallery_img_name&quot;:&quot;&quot;,&quot;premium_gallery_img_desc&quot;:&quot;&quot;,&quot;premium_gallery_img_link_type&quot;:&quot;url&quot;,&quot;premium_gallery_img_link&quot;:{&quot;url&quot;:&quot;&quot;,&quot;is_external&quot;:&quot;&quot;,&quot;nofollow&quot;:&quot;&quot;,&quot;custom_attributes&quot;:&quot;&quot;},&quot;premium_gallery_img_existing&quot;:null,&quot;premium_gallery_link_whole&quot;:&quot;&quot;,&quot;premium_gallery_lightbox_whole&quot;:&quot;&quot;}]}\" data-widget_type=\"premium-img-gallery.default\">\n\t\t\t\t<div class=\"elementor-widget-container\">\n\t\t\t\r\n\t<div id=\"premium-img-gallery-9302a11\" class=\"elementor-invisible premium-img-gallery premium-img-gallery-masonry zoomin premium-gallery-icon-show\">\r\n\t\t\r\n\t\t<div class=\"premium-gallery-container\" data-settings=\"{&quot;img_size&quot;:&quot;masonry&quot;,&quot;filter&quot;:&quot;&quot;,&quot;theme&quot;:&quot;pp_default&quot;,&quot;active_cat&quot;:&quot;*&quot;,&quot;ltr_mode&quot;:true,&quot;shuffle&quot;:false,&quot;sort_by&quot;:&quot;random&quot;,&quot;skin&quot;:&quot;style1&quot;,&quot;light_box&quot;:&quot;yes&quot;,&quot;lightbox_type&quot;:&quot;default&quot;,&quot;overlay&quot;:false}\">\r\n\r\n\t\t\t\t\t\t\t<div class=\"premium-gallery-item elementor-repeater-item-4510a6d category-1\">\r\n\t\t\t\t<div class=\"pa-gallery-img style1\" onclick=\"\">\r\n\t\t\t\t\t<div class=\"pa-gallery-img-container\">\r\n\t\t\t\t\t\t\t\t<img fetchpriority=\"high\" decoding=\"async\" width=\"854\" height=\"633\" src=\"https:\/\/fedeluchas.com.gt\/wp-content\/uploads\/2023\/02\/HISOTRIA.jpg\" class=\"attachment-full size-full wp-image-53\" alt=\"\" srcset=\"https:\/\/fedeluchas.com.gt\/wp-content\/uploads\/2023\/02\/HISOTRIA.jpg 854w, https:\/\/fedeluchas.com.gt\/wp-content\/uploads\/2023\/02\/HISOTRIA-300x222.jpg 300w, https:\/\/fedeluchas.com.gt\/wp-content\/uploads\/2023\/02\/HISOTRIA-768x569.jpg 768w\" sizes=\"(max-width: 854px) 100vw, 854px\" \/>\t\t\t\t\t\t\t<\/div>\r\n\t\t\t\t\t\t\t\t\t\t\t\t<div class=\"pa-gallery-icons-wrapper\">\r\n\t\t\t\t\t\t\t\t<div class=\"pa-gallery-icons-inner-container\">\r\n\t\t\t\t\t\t\t\t\t\r\n\t\t\t\t\t<a class=\"pa-gallery-magnific-image\" href=\"http:\/\/fedeluchas.com.gt\/wp-content\/uploads\/2023\/02\/HISOTRIA.jpg\" data-rel=\"prettyPhoto[premium-grid-9302a11]\">\r\n\t\t\t\t\t\t<span>\r\n\t\t\t\t\t\t\t<i aria-hidden=\"true\" class=\"fas fa-search\"><\/i>\t\t\t\t\t\t<\/span>\r\n\t\t\t\t\t<\/a>\r\n\t\t\t\t\t\t\t\t\t\t\t\t<\/div>\r\n\t\t\t\t\t\t\t<\/div>\r\n\t\t\t\t\t\t\t\t\t\t\t<\/div>\r\n\t\t\t<\/div>\r\n\t\t\t\r\n\t\t\t\t\t<\/div>\r\n\r\n\t\t\r\n\t<\/div>\r\n\r\n\t\t\r\n\t\t\t\t<style>\r\n\t\t\t@media( min-width: 1px ) and ( max-width:767px ) {\r\n\t\t\t\t#premium-img-gallery-9302a11 .premium-gallery-caption {\r\n\t\t\t\t\tdisplay: none;\r\n\t\t\t\t}\r\n\t\t\t}\r\n\t\t<\/style>\r\n\t\r\n\t\t\t\t<\/div>\n\t\t\t\t<\/div>\n\t\t\t\t\t<\/div>\n\t\t<\/div>\n\t\t\t\t\t<\/div>\n\t\t<\/section>\n\t\t\t\t<\/div>\n\t\t","protected":false},"excerpt":{"rendered":"<p>Nuestra Historia La Lucha empieza su organizaci\u00f3n en nuestro pa\u00eds en el a\u00f1o 1,947.&nbsp; Fue en ese a\u00f1o que el Comit\u00e9 Nacional Ol\u00edmpico responsable de la organizaci\u00f3n de los VI Jugos Deportivos Centroamericanos y del Caribe, contrat\u00f3 al t\u00e9cnico norteamericano Mr. WILLIAN &#8220;PAT&#8221; SHAW, entrenador de lucha y boxeo, quien vino en el segundo semestre del a\u00f1o 1,947. Leer m\u00e1s<\/p>\n","protected":false},"author":1,"featured_media":0,"parent":0,"menu_order":0,"comment_status":"closed","ping_status":"closed","template":"elementor_header_footer","meta":{"footnotes":""},"class_list":["post-16","page","type-page","status-publish","hentry"],"_links":{"self":[{"href":"https:\/\/fedeluchas.com.gt\/index.php\/wp-json\/wp\/v2\/pages\/16","targetHints":{"allow":["GET"]}}],"collection":[{"href":"https:\/\/fedeluchas.com.gt\/index.php\/wp-json\/wp\/v2\/pages"}],"about":[{"href":"https:\/\/fedeluchas.com.gt\/index.php\/wp-json\/wp\/v2\/types\/page"}],"author":[{"embeddable":true,"href":"https:\/\/fedeluchas.com.gt\/index.php\/wp-json\/wp\/v2\/users\/1"}],"replies":[{"embeddable":true,"href":"https:\/\/fedeluchas.com.gt\/index.php\/wp-json\/wp\/v2\/comments?post=16"}],"version-history":[{"count":40,"href":"https:\/\/fedeluchas.com.gt\/index.php\/wp-json\/wp\/v2\/pages\/16\/revisions"}],"predecessor-version":[{"id":69,"href":"https:\/\/fedeluchas.com.gt\/index.php\/wp-json\/wp\/v2\/pages\/16\/revisions\/69"}],"wp:attachment":[{"href":"https:\/\/fedeluchas.com.gt\/index.php\/wp-json\/wp\/v2\/media?parent=16"}],"curies":[{"name":"wp","href":"https:\/\/api.w.org\/{rel}","templated":true}]}}